{"id":519,"date":"2025-05-25T09:44:59","date_gmt":"2025-05-25T07:44:59","guid":{"rendered":"https:\/\/dev.francesc.tech\/mecsa\/?page_id=519"},"modified":"2025-09-17T16:32:43","modified_gmt":"2025-09-17T14:32:43","slug":"produkte","status":"publish","type":"page","link":"https:\/\/www.industrialmecsa.com\/de\/produkte\/","title":{"rendered":"Produkte"},"content":{"rendered":"\t\t<div data-elementor-type=\"wp-page\" data-elementor-id=\"519\" class=\"elementor elementor-519 elementor-266\" data-elementor-post-type=\"page\">\n\t\t\t\t<div class=\"elementor-element elementor-element-32152dc e-flex e-con-boxed elementor-invisible e-con e-parent\" data-id=\"32152dc\" data-element_type=\"container\" data-settings=\"{&quot;background_background&quot;:&quot;classic&quot;,&quot;animation&quot;:&quot;fadeIn&quot;}\">\n\t\t\t\t\t<div class=\"e-con-inner\">\n\t\t\t\t<div class=\"elementor-element elementor-element-77ebb67 elementor-widget elementor-widget-heading\" data-id=\"77ebb67\" data-element_type=\"widget\" data-widget_type=\"heading.default\">\n\t\t\t\t<div class=\"elementor-widget-container\">\n\t\t\t\t\t<h1 class=\"elementor-heading-title elementor-size-default\">Produkte<\/h1>\t\t\t\t<\/div>\n\t\t\t\t<\/div>\n\t\t\t\t\t<\/div>\n\t\t\t\t<\/div>\n\t\t<div class=\"elementor-element elementor-element-4995b5f e-flex e-con-boxed elementor-invisible e-con e-parent\" data-id=\"4995b5f\" data-element_type=\"container\" data-settings=\"{&quot;background_background&quot;:&quot;classic&quot;,&quot;animation&quot;:&quot;fadeIn&quot;}\">\n\t\t\t\t\t<div class=\"e-con-inner\">\n\t\t\t\t<div class=\"elementor-element elementor-element-5870f7a elementor-widget elementor-widget-heading\" data-id=\"5870f7a\" data-element_type=\"widget\" data-widget_type=\"heading.default\">\n\t\t\t\t<div class=\"elementor-widget-container\">\n\t\t\t\t\t<h2 class=\"elementor-heading-title elementor-size-default\">Industrial MEC S.A, Experten f\u00fcr Drehen und Bearbeitung<\/h2>\t\t\t\t<\/div>\n\t\t\t\t<\/div>\n\t\t<div class=\"elementor-element elementor-element-20a3646 e-con-full e-flex e-con e-child\" data-id=\"20a3646\" data-element_type=\"container\">\n\t\t<div class=\"elementor-element elementor-element-5326005 e-con-full e-flex e-con e-child\" data-id=\"5326005\" data-element_type=\"container\">\n\t\t\t\t<div class=\"elementor-element elementor-element-7093240 elementor-widget elementor-widget-text-editor\" data-id=\"7093240\" data-element_type=\"widget\" data-widget_type=\"text-editor.default\">\n\t\t\t\t<div class=\"elementor-widget-container\">\n\t\t\t\t\t\t\t\t\t<p>MEC S.A. stellt jegliche Teile von 3mm bis 60mm Durchmesser her. Teile f\u00fcr: <strong>Auto-Herstellung, Elektro-Waren, Hotelbetrieb, Elektronischen Bereich und Krankenh\u00e4usern ect\u2026<\/strong><\/p><p>Diese Teile sind aus vielen verschiedenen Materialen: <strong>rostfreien Stahl, Eisen, Aluminium, Kupfer, PVC.<\/strong><\/p>\t\t\t\t\t\t\t\t<\/div>\n\t\t\t\t<\/div>\n\t\t\t\t<\/div>\n\t\t<div class=\"elementor-element elementor-element-4eafe2d e-con-full e-flex e-con e-child\" data-id=\"4eafe2d\" data-element_type=\"container\">\n\t\t\t\t<div class=\"elementor-element elementor-element-94897f5 elementor-widget elementor-widget-text-editor\" data-id=\"94897f5\" data-element_type=\"widget\" data-widget_type=\"text-editor.default\">\n\t\t\t\t<div class=\"elementor-widget-container\">\n\t\t\t\t\t\t\t\t\t<p>Die Einf\u00fchrung von neuen Fertigkeiten und besseren Computertechnologien sowie bessere Arbeitsmethoden, zusammen mit dem Kauf von besseren und speziellen Maschinen und genaueren Masswerkzeugen, bewirkt die spezielle Behandlung von jeglichen Kunden in und von allen Arbeitsbereichen.<\/p>\t\t\t\t\t\t\t\t<\/div>\n\t\t\t\t<\/div>\n\t\t\t\t<\/div>\n\t\t\t\t<\/div>\n\t\t\t\t\t<\/div>\n\t\t\t\t<\/div>\n\t\t<div class=\"elementor-element elementor-element-1f395aa e-flex e-con-boxed elementor-invisible e-con e-parent\" data-id=\"1f395aa\" data-element_type=\"container\" data-settings=\"{&quot;animation&quot;:&quot;fadeIn&quot;}\">\n\t\t\t\t\t<div class=\"e-con-inner\">\n\t\t<div class=\"elementor-element elementor-element-4cf346d e-con-full e-flex e-con e-child\" data-id=\"4cf346d\" data-element_type=\"container\">\n\t\t\t\t<div class=\"elementor-element elementor-element-959eb3d elementor-widget elementor-widget-image\" data-id=\"959eb3d\" data-element_type=\"widget\" data-widget_type=\"image.default\">\n\t\t\t\t<div class=\"elementor-widget-container\">\n\t\t\t\t\t\t\t\t\t\t\t\t\t\t\t\t<a href=\"https:\/\/www.industrialmecsa.com\/wp-content\/uploads\/2025\/05\/productos-acero.jpg\" data-elementor-open-lightbox=\"yes\" data-e-action-hash=\"#elementor-action%3Aaction%3Dlightbox%26settings%3DeyJpZCI6Mjc0LCJ1cmwiOiJodHRwczpcL1wvd3d3LmluZHVzdHJpYWxtZWNzYS5jb21cL3dwLWNvbnRlbnRcL3VwbG9hZHNcLzIwMjVcLzA1XC9wcm9kdWN0b3MtYWNlcm8uanBnIn0%3D\">\n\t\t\t\t\t\t\t<img fetchpriority=\"high\" decoding=\"async\" width=\"800\" height=\"402\" src=\"https:\/\/www.industrialmecsa.com\/wp-content\/uploads\/2025\/05\/productos-acero-1024x514.jpg\" class=\"attachment-large size-large wp-image-274\" alt=\"\" srcset=\"https:\/\/www.industrialmecsa.com\/wp-content\/uploads\/2025\/05\/productos-acero-1024x514.jpg 1024w, https:\/\/www.industrialmecsa.com\/wp-content\/uploads\/2025\/05\/productos-acero-300x151.jpg 300w, https:\/\/www.industrialmecsa.com\/wp-content\/uploads\/2025\/05\/productos-acero-768x385.jpg 768w, https:\/\/www.industrialmecsa.com\/wp-content\/uploads\/2025\/05\/productos-acero.jpg 1200w\" sizes=\"(max-width: 800px) 100vw, 800px\" \/>\t\t\t\t\t\t\t\t<\/a>\n\t\t\t\t\t\t\t\t\t\t\t\t\t\t\t<\/div>\n\t\t\t\t<\/div>\n\t\t\t\t<\/div>\n\t\t<div class=\"elementor-element elementor-element-3b50e08 e-con-full e-flex e-con e-child\" data-id=\"3b50e08\" data-element_type=\"container\">\n\t\t\t\t<div class=\"elementor-element elementor-element-569e483 elementor-widget elementor-widget-heading\" data-id=\"569e483\" data-element_type=\"widget\" data-widget_type=\"heading.default\">\n\t\t\t\t<div class=\"elementor-widget-container\">\n\t\t\t\t\t<h3 class=\"elementor-heading-title elementor-size-default\">Hergestellte Produkte aus rostfreien Eisen<\/h3>\t\t\t\t<\/div>\n\t\t\t\t<\/div>\n\t\t\t\t<\/div>\n\t\t\t\t\t<\/div>\n\t\t\t\t<\/div>\n\t\t<div class=\"elementor-element elementor-element-7a37224 e-flex e-con-boxed elementor-invisible e-con e-parent\" data-id=\"7a37224\" data-element_type=\"container\" data-settings=\"{&quot;animation&quot;:&quot;fadeIn&quot;}\">\n\t\t\t\t\t<div class=\"e-con-inner\">\n\t\t<div class=\"elementor-element elementor-element-44456ed e-con-full e-flex e-con e-child\" data-id=\"44456ed\" data-element_type=\"container\">\n\t\t\t\t<div class=\"elementor-element elementor-element-fff75ab elementor-widget elementor-widget-image\" data-id=\"fff75ab\" data-element_type=\"widget\" data-widget_type=\"image.default\">\n\t\t\t\t<div class=\"elementor-widget-container\">\n\t\t\t\t\t\t\t\t\t\t\t\t\t\t\t\t<a href=\"https:\/\/www.industrialmecsa.com\/wp-content\/uploads\/2025\/05\/productos-acero-facil.jpg\" data-elementor-open-lightbox=\"yes\" data-e-action-hash=\"#elementor-action%3Aaction%3Dlightbox%26settings%3DeyJpZCI6Mjc4LCJ1cmwiOiJodHRwczpcL1wvd3d3LmluZHVzdHJpYWxtZWNzYS5jb21cL3dwLWNvbnRlbnRcL3VwbG9hZHNcLzIwMjVcLzA1XC9wcm9kdWN0b3MtYWNlcm8tZmFjaWwuanBnIn0%3D\">\n\t\t\t\t\t\t\t<img decoding=\"async\" width=\"800\" height=\"601\" src=\"https:\/\/www.industrialmecsa.com\/wp-content\/uploads\/2025\/05\/productos-acero-facil-1024x769.jpg\" class=\"attachment-large size-large wp-image-278\" alt=\"\" srcset=\"https:\/\/www.industrialmecsa.com\/wp-content\/uploads\/2025\/05\/productos-acero-facil-1024x769.jpg 1024w, https:\/\/www.industrialmecsa.com\/wp-content\/uploads\/2025\/05\/productos-acero-facil-300x225.jpg 300w, https:\/\/www.industrialmecsa.com\/wp-content\/uploads\/2025\/05\/productos-acero-facil-768x577.jpg 768w, https:\/\/www.industrialmecsa.com\/wp-content\/uploads\/2025\/05\/productos-acero-facil.jpg 1200w\" sizes=\"(max-width: 800px) 100vw, 800px\" \/>\t\t\t\t\t\t\t\t<\/a>\n\t\t\t\t\t\t\t\t\t\t\t\t\t\t\t<\/div>\n\t\t\t\t<\/div>\n\t\t\t\t<div class=\"elementor-element elementor-element-62909b4 elementor-widget elementor-widget-heading\" data-id=\"62909b4\" data-element_type=\"widget\" data-widget_type=\"heading.default\">\n\t\t\t\t<div class=\"elementor-widget-container\">\n\t\t\t\t\t<h3 class=\"elementor-heading-title elementor-size-default\">Hergestellte Teile aus verschiedenen Eisentypen.<\/h3>\t\t\t\t<\/div>\n\t\t\t\t<\/div>\n\t\t\t\t<\/div>\n\t\t<div class=\"elementor-element elementor-element-14e143b e-con-full e-flex e-con e-child\" data-id=\"14e143b\" data-element_type=\"container\">\n\t\t\t\t<div class=\"elementor-element elementor-element-9eaf864 elementor-widget elementor-widget-image\" data-id=\"9eaf864\" data-element_type=\"widget\" data-widget_type=\"image.default\">\n\t\t\t\t<div class=\"elementor-widget-container\">\n\t\t\t\t\t\t\t\t\t\t\t\t\t\t\t\t<a href=\"https:\/\/www.industrialmecsa.com\/wp-content\/uploads\/2025\/05\/productos-materiales-diversos.jpg\" data-elementor-open-lightbox=\"yes\" data-e-action-hash=\"#elementor-action%3Aaction%3Dlightbox%26settings%3DeyJpZCI6MjgyLCJ1cmwiOiJodHRwczpcL1wvd3d3LmluZHVzdHJpYWxtZWNzYS5jb21cL3dwLWNvbnRlbnRcL3VwbG9hZHNcLzIwMjVcLzA1XC9wcm9kdWN0b3MtbWF0ZXJpYWxlcy1kaXZlcnNvcy5qcGcifQ%3D%3D\">\n\t\t\t\t\t\t\t<img decoding=\"async\" width=\"800\" height=\"588\" src=\"https:\/\/www.industrialmecsa.com\/wp-content\/uploads\/2025\/05\/productos-materiales-diversos-1024x752.jpg\" class=\"attachment-large size-large wp-image-282\" alt=\"\" srcset=\"https:\/\/www.industrialmecsa.com\/wp-content\/uploads\/2025\/05\/productos-materiales-diversos-1024x752.jpg 1024w, https:\/\/www.industrialmecsa.com\/wp-content\/uploads\/2025\/05\/productos-materiales-diversos-300x220.jpg 300w, https:\/\/www.industrialmecsa.com\/wp-content\/uploads\/2025\/05\/productos-materiales-diversos-768x564.jpg 768w, https:\/\/www.industrialmecsa.com\/wp-content\/uploads\/2025\/05\/productos-materiales-diversos.jpg 1200w\" sizes=\"(max-width: 800px) 100vw, 800px\" \/>\t\t\t\t\t\t\t\t<\/a>\n\t\t\t\t\t\t\t\t\t\t\t\t\t\t\t<\/div>\n\t\t\t\t<\/div>\n\t\t\t\t<div class=\"elementor-element elementor-element-8b73280 elementor-widget elementor-widget-heading\" data-id=\"8b73280\" data-element_type=\"widget\" data-widget_type=\"heading.default\">\n\t\t\t\t<div class=\"elementor-widget-container\">\n\t\t\t\t\t<h3 class=\"elementor-heading-title elementor-size-default\">St\u00fccke aus verschiedenen Materialen.\nDiese Materiale sind: Messing, Kupfer,    Aluminium, Nailon, Pvc  und mehr.\n<\/h3>\t\t\t\t<\/div>\n\t\t\t\t<\/div>\n\t\t\t\t<\/div>\n\t\t\t\t\t<\/div>\n\t\t\t\t<\/div>\n\t\t\t\t<\/div>\n\t\t","protected":false},"excerpt":{"rendered":"<p>Produkte Industrial MEC S.A, Experten f\u00fcr Drehen und Bearbeitung MEC S.A. stellt jegliche Teile von 3mm bis 60mm Durchmesser her. Teile f\u00fcr: Auto-Herstellung, Elektro-Waren, Hotelbetrieb, Elektronischen Bereich und Krankenh\u00e4usern ect\u2026 Diese Teile sind aus vielen verschiedenen Materialen: rostfreien Stahl, Eisen, Aluminium, Kupfer, PVC. Die Einf\u00fchrung von neuen Fertigkeiten und besseren Computertechnologien sowie bessere Arbeitsmethoden, zusammen [&hellip;]<\/p>\n","protected":false},"author":1,"featured_media":0,"parent":0,"menu_order":0,"comment_status":"closed","ping_status":"closed","template":"","meta":{"footnotes":""},"class_list":["post-519","page","type-page","status-publish","hentry"],"_links":{"self":[{"href":"https:\/\/www.industrialmecsa.com\/de\/wp-json\/wp\/v2\/pages\/519","targetHints":{"allow":["GET"]}}],"collection":[{"href":"https:\/\/www.industrialmecsa.com\/de\/wp-json\/wp\/v2\/pages"}],"about":[{"href":"https:\/\/www.industrialmecsa.com\/de\/wp-json\/wp\/v2\/types\/page"}],"author":[{"embeddable":true,"href":"https:\/\/www.industrialmecsa.com\/de\/wp-json\/wp\/v2\/users\/1"}],"replies":[{"embeddable":true,"href":"https:\/\/www.industrialmecsa.com\/de\/wp-json\/wp\/v2\/comments?post=519"}],"version-history":[{"count":8,"href":"https:\/\/www.industrialmecsa.com\/de\/wp-json\/wp\/v2\/pages\/519\/revisions"}],"predecessor-version":[{"id":701,"href":"https:\/\/www.industrialmecsa.com\/de\/wp-json\/wp\/v2\/pages\/519\/revisions\/701"}],"wp:attachment":[{"href":"https:\/\/www.industrialmecsa.com\/de\/wp-json\/wp\/v2\/media?parent=519"}],"curies":[{"name":"wp","href":"https:\/\/api.w.org\/{rel}","templated":true}]}}