{"id":474,"date":"2025-05-25T09:34:05","date_gmt":"2025-05-25T07:34:05","guid":{"rendered":"https:\/\/dev.francesc.tech\/mecsa\/?page_id=474"},"modified":"2025-09-17T16:15:16","modified_gmt":"2025-09-17T14:15:16","slug":"einrichtung","status":"publish","type":"page","link":"https:\/\/www.industrialmecsa.com\/de\/einrichtung\/","title":{"rendered":"Einrichtung"},"content":{"rendered":"\t\t<div data-elementor-type=\"wp-page\" data-elementor-id=\"474\" class=\"elementor elementor-474 elementor-242\" data-elementor-post-type=\"page\">\n\t\t\t\t<div class=\"elementor-element elementor-element-3297eaf e-flex e-con-boxed elementor-invisible e-con e-parent\" data-id=\"3297eaf\" data-element_type=\"container\" data-settings=\"{&quot;background_background&quot;:&quot;classic&quot;,&quot;animation&quot;:&quot;fadeIn&quot;}\">\n\t\t\t\t\t<div class=\"e-con-inner\">\n\t\t\t\t<div class=\"elementor-element elementor-element-3ce0b6a elementor-widget elementor-widget-heading\" data-id=\"3ce0b6a\" data-element_type=\"widget\" data-widget_type=\"heading.default\">\n\t\t\t\t<div class=\"elementor-widget-container\">\n\t\t\t\t\t<h1 class=\"elementor-heading-title elementor-size-default\">Instalaciones<\/h1>\t\t\t\t<\/div>\n\t\t\t\t<\/div>\n\t\t\t\t\t<\/div>\n\t\t\t\t<\/div>\n\t\t<div class=\"elementor-element elementor-element-db3d09a e-flex e-con-boxed elementor-invisible e-con e-parent\" data-id=\"db3d09a\" data-element_type=\"container\" data-settings=\"{&quot;animation&quot;:&quot;fadeIn&quot;}\">\n\t\t\t\t\t<div class=\"e-con-inner\">\n\t\t\t\t<div class=\"elementor-element elementor-element-11139e0 elementor-widget elementor-widget-heading\" data-id=\"11139e0\" data-element_type=\"widget\" data-widget_type=\"heading.default\">\n\t\t\t\t<div class=\"elementor-widget-container\">\n\t\t\t\t\t<h2 class=\"elementor-heading-title elementor-size-default\">Industrial MEC S.A, Expertos en decoletaje y mecanizado de piezas<\/h2>\t\t\t\t<\/div>\n\t\t\t\t<\/div>\n\t\t<div class=\"elementor-element elementor-element-c668686 e-con-full e-flex e-con e-child\" data-id=\"c668686\" data-element_type=\"container\">\n\t\t<div class=\"elementor-element elementor-element-c98f5b2 e-con-full e-flex e-con e-child\" data-id=\"c98f5b2\" data-element_type=\"container\">\n\t\t\t\t<div class=\"elementor-element elementor-element-033f5d6 elementor-widget elementor-widget-text-editor\" data-id=\"033f5d6\" data-element_type=\"widget\" data-widget_type=\"text-editor.default\">\n\t\t\t\t<div class=\"elementor-widget-container\">\n\t\t\t\t\t\t\t\t\t<p>La empresa cuenta con un centro de producci\u00f3n que cubre una superficie<strong> 1.000 m2 en la localidad de Sant Andreu de la Barca, Barcelona.<\/strong> <br \/>Si bien \u00fanicamente cuenta con un centro de producci\u00f3n, este se divide en dos grandes \u00e1reas bien diferenciadas seg\u00fan el tipo de maquinaria que emplean.<\/p><p>En la primera de ellas se opera con tornos de tipo rev\u00f3lver neum\u00e1ticos autom\u00e1ticos, tipo revolver de levas autom\u00e1ticos, y de cabezal m\u00f3vil autom\u00e1ticos, mientras que en la segunda se opera con centros de mecanizado(CNC) tanto de cabezal fijo como m\u00f3vil. Por otra parte, repartidas entre ambas \u00e1reas de producci\u00f3n se tienen m\u00e1quinas diversas para segundas operaciones como pueden ser taladrado, avellanados, etc.<\/p>\t\t\t\t\t\t\t\t<\/div>\n\t\t\t\t<\/div>\n\t\t\t\t<\/div>\n\t\t<div class=\"elementor-element elementor-element-df48e93 e-con-full e-flex e-con e-child\" data-id=\"df48e93\" data-element_type=\"container\">\n\t\t\t\t<div class=\"elementor-element elementor-element-3d392fb elementor-arrows-position-inside elementor-widget elementor-widget-n-carousel\" data-id=\"3d392fb\" data-element_type=\"widget\" data-settings=\"{&quot;carousel_items&quot;:[{&quot;slide_title&quot;:&quot;Diapositiva n\\u00ba 1&quot;,&quot;_id&quot;:&quot;2480815&quot;},{&quot;slide_title&quot;:&quot;Diapositiva n\\u00ba 1&quot;,&quot;_id&quot;:&quot;f263192&quot;},{&quot;slide_title&quot;:&quot;Diapositiva n\\u00ba 1&quot;,&quot;_id&quot;:&quot;16fdb61&quot;},{&quot;slide_title&quot;:&quot;Diapositiva n\\u00ba 1&quot;,&quot;_id&quot;:&quot;e07f12e&quot;}],&quot;slides_to_show&quot;:&quot;1&quot;,&quot;slides_to_scroll&quot;:&quot;1&quot;,&quot;slides_to_show_tablet&quot;:&quot;2&quot;,&quot;slides_to_show_mobile&quot;:&quot;1&quot;,&quot;autoplay&quot;:&quot;yes&quot;,&quot;autoplay_speed&quot;:5000,&quot;pause_on_hover&quot;:&quot;yes&quot;,&quot;pause_on_interaction&quot;:&quot;yes&quot;,&quot;infinite&quot;:&quot;yes&quot;,&quot;speed&quot;:500,&quot;offset_sides&quot;:&quot;none&quot;,&quot;arrows&quot;:&quot;yes&quot;,&quot;image_spacing_custom&quot;:{&quot;unit&quot;:&quot;px&quot;,&quot;size&quot;:10,&quot;sizes&quot;:[]},&quot;image_spacing_custom_tablet&quot;:{&quot;unit&quot;:&quot;px&quot;,&quot;size&quot;:&quot;&quot;,&quot;sizes&quot;:[]},&quot;image_spacing_custom_mobile&quot;:{&quot;unit&quot;:&quot;px&quot;,&quot;size&quot;:&quot;&quot;,&quot;sizes&quot;:[]}}\" data-widget_type=\"nested-carousel.default\">\n\t\t\t\t<div class=\"elementor-widget-container\">\n\t\t\t\t\t\t\t<div class=\"e-n-carousel swiper\" role=\"region\" aria-roledescription=\"carousel\" aria-label=\"Carrusel\" dir=\"ltr\">\n\t\t\t<div class=\"swiper-wrapper\" aria-live=\"off\">\n\t\t\t\t\t\t\t\t\t\t<div class=\"swiper-slide\" data-slide=\"1\" role=\"group\" aria-roledescription=\"slide\" aria-label=\"1 von 4\">\n\t\t\t\t\t\t\t<div class=\"elementor-element elementor-element-c6f4611 e-flex e-con-boxed e-con e-child\" data-id=\"c6f4611\" data-element_type=\"container\">\n\t\t\t\t\t<div class=\"e-con-inner\">\n\t\t\t\t<div class=\"elementor-element elementor-element-884fa11 elementor-widget elementor-widget-image\" data-id=\"884fa11\" data-element_type=\"widget\" data-widget_type=\"image.default\">\n\t\t\t\t<div class=\"elementor-widget-container\">\n\t\t\t\t\t\t\t\t\t\t\t\t\t\t\t\t<a href=\"https:\/\/www.industrialmecsa.com\/wp-content\/uploads\/2025\/05\/instalaciones_1.jpg\" data-elementor-open-lightbox=\"yes\" data-e-action-hash=\"#elementor-action%3Aaction%3Dlightbox%26settings%3DeyJpZCI6MjUwLCJ1cmwiOiJodHRwczpcL1wvd3d3LmluZHVzdHJpYWxtZWNzYS5jb21cL3dwLWNvbnRlbnRcL3VwbG9hZHNcLzIwMjVcLzA1XC9pbnN0YWxhY2lvbmVzXzEuanBnIn0%3D\">\n\t\t\t\t\t\t\t<img fetchpriority=\"high\" decoding=\"async\" width=\"800\" height=\"534\" src=\"https:\/\/www.industrialmecsa.com\/wp-content\/uploads\/2025\/05\/instalaciones_1-1024x684.jpg\" class=\"attachment-large size-large wp-image-250\" alt=\"\" srcset=\"https:\/\/www.industrialmecsa.com\/wp-content\/uploads\/2025\/05\/instalaciones_1-1024x684.jpg 1024w, https:\/\/www.industrialmecsa.com\/wp-content\/uploads\/2025\/05\/instalaciones_1-300x200.jpg 300w, https:\/\/www.industrialmecsa.com\/wp-content\/uploads\/2025\/05\/instalaciones_1-768x513.jpg 768w, https:\/\/www.industrialmecsa.com\/wp-content\/uploads\/2025\/05\/instalaciones_1.jpg 1200w\" sizes=\"(max-width: 800px) 100vw, 800px\" \/>\t\t\t\t\t\t\t\t<\/a>\n\t\t\t\t\t\t\t\t\t\t\t\t\t\t\t<\/div>\n\t\t\t\t<\/div>\n\t\t\t\t<div class=\"elementor-element elementor-element-b3f2faf elementor-widget__width-initial elementor-widget elementor-widget-heading\" data-id=\"b3f2faf\" data-element_type=\"widget\" data-widget_type=\"heading.default\">\n\t\t\t\t<div class=\"elementor-widget-container\">\n\t\t\t\t\t<div class=\"elementor-heading-title elementor-size-default\">Secci\u00f3n tornos de control num\u00e9rico \ncabezal m\u00f3vil DECO Capacidad \u00d8 30<\/div>\t\t\t\t<\/div>\n\t\t\t\t<\/div>\n\t\t\t\t\t<\/div>\n\t\t\t\t<\/div>\n\t\t\t\t\t\t\t\t<\/div>\n\t\t\t\t\t\t\t\t\t\t\t<div class=\"swiper-slide\" data-slide=\"2\" role=\"group\" aria-roledescription=\"slide\" aria-label=\"2 von 4\">\n\t\t\t\t\t\t\t<div class=\"elementor-element elementor-element-29e308f e-flex e-con-boxed e-con e-child\" data-id=\"29e308f\" data-element_type=\"container\">\n\t\t\t\t\t<div class=\"e-con-inner\">\n\t\t\t\t<div class=\"elementor-element elementor-element-0de8110 elementor-widget elementor-widget-image\" data-id=\"0de8110\" data-element_type=\"widget\" data-widget_type=\"image.default\">\n\t\t\t\t<div class=\"elementor-widget-container\">\n\t\t\t\t\t\t\t\t\t\t\t\t\t\t\t\t<a href=\"https:\/\/www.industrialmecsa.com\/wp-content\/uploads\/2025\/05\/instalaciones_1.jpg\" data-elementor-open-lightbox=\"yes\" data-e-action-hash=\"#elementor-action%3Aaction%3Dlightbox%26settings%3DeyJpZCI6MjUwLCJ1cmwiOiJodHRwczpcL1wvd3d3LmluZHVzdHJpYWxtZWNzYS5jb21cL3dwLWNvbnRlbnRcL3VwbG9hZHNcLzIwMjVcLzA1XC9pbnN0YWxhY2lvbmVzXzEuanBnIn0%3D\">\n\t\t\t\t\t\t\t<img fetchpriority=\"high\" decoding=\"async\" width=\"800\" height=\"534\" src=\"https:\/\/www.industrialmecsa.com\/wp-content\/uploads\/2025\/05\/instalaciones_1-1024x684.jpg\" class=\"attachment-large size-large wp-image-250\" alt=\"\" srcset=\"https:\/\/www.industrialmecsa.com\/wp-content\/uploads\/2025\/05\/instalaciones_1-1024x684.jpg 1024w, https:\/\/www.industrialmecsa.com\/wp-content\/uploads\/2025\/05\/instalaciones_1-300x200.jpg 300w, https:\/\/www.industrialmecsa.com\/wp-content\/uploads\/2025\/05\/instalaciones_1-768x513.jpg 768w, https:\/\/www.industrialmecsa.com\/wp-content\/uploads\/2025\/05\/instalaciones_1.jpg 1200w\" sizes=\"(max-width: 800px) 100vw, 800px\" \/>\t\t\t\t\t\t\t\t<\/a>\n\t\t\t\t\t\t\t\t\t\t\t\t\t\t\t<\/div>\n\t\t\t\t<\/div>\n\t\t\t\t<div class=\"elementor-element elementor-element-16ef926 elementor-widget elementor-widget-heading\" data-id=\"16ef926\" data-element_type=\"widget\" data-widget_type=\"heading.default\">\n\t\t\t\t<div class=\"elementor-widget-container\">\n\t\t\t\t\t<div class=\"elementor-heading-title elementor-size-default\">Secci\u00f3n tornos de control num\u00e9rico \ncabezal m\u00f3vil DECO Capacidad \u00d8 30<\/div>\t\t\t\t<\/div>\n\t\t\t\t<\/div>\n\t\t\t\t\t<\/div>\n\t\t\t\t<\/div>\n\t\t\t\t\t\t\t\t<\/div>\n\t\t\t\t\t\t\t\t\t\t\t<div class=\"swiper-slide\" data-slide=\"3\" role=\"group\" aria-roledescription=\"slide\" aria-label=\"3 von 4\">\n\t\t\t\t\t\t\t<div class=\"elementor-element elementor-element-14fd015 e-flex e-con-boxed e-con e-child\" data-id=\"14fd015\" data-element_type=\"container\">\n\t\t\t\t\t<div class=\"e-con-inner\">\n\t\t\t\t<div class=\"elementor-element elementor-element-12a76b8 elementor-widget elementor-widget-image\" data-id=\"12a76b8\" data-element_type=\"widget\" data-widget_type=\"image.default\">\n\t\t\t\t<div class=\"elementor-widget-container\">\n\t\t\t\t\t\t\t\t\t\t\t\t\t\t\t\t<a href=\"https:\/\/www.industrialmecsa.com\/wp-content\/uploads\/2025\/05\/instalaciones_1.jpg\" data-elementor-open-lightbox=\"yes\" data-e-action-hash=\"#elementor-action%3Aaction%3Dlightbox%26settings%3DeyJpZCI6MjUwLCJ1cmwiOiJodHRwczpcL1wvd3d3LmluZHVzdHJpYWxtZWNzYS5jb21cL3dwLWNvbnRlbnRcL3VwbG9hZHNcLzIwMjVcLzA1XC9pbnN0YWxhY2lvbmVzXzEuanBnIn0%3D\">\n\t\t\t\t\t\t\t<img fetchpriority=\"high\" decoding=\"async\" width=\"800\" height=\"534\" src=\"https:\/\/www.industrialmecsa.com\/wp-content\/uploads\/2025\/05\/instalaciones_1-1024x684.jpg\" class=\"attachment-large size-large wp-image-250\" alt=\"\" srcset=\"https:\/\/www.industrialmecsa.com\/wp-content\/uploads\/2025\/05\/instalaciones_1-1024x684.jpg 1024w, https:\/\/www.industrialmecsa.com\/wp-content\/uploads\/2025\/05\/instalaciones_1-300x200.jpg 300w, https:\/\/www.industrialmecsa.com\/wp-content\/uploads\/2025\/05\/instalaciones_1-768x513.jpg 768w, https:\/\/www.industrialmecsa.com\/wp-content\/uploads\/2025\/05\/instalaciones_1.jpg 1200w\" sizes=\"(max-width: 800px) 100vw, 800px\" \/>\t\t\t\t\t\t\t\t<\/a>\n\t\t\t\t\t\t\t\t\t\t\t\t\t\t\t<\/div>\n\t\t\t\t<\/div>\n\t\t\t\t<div class=\"elementor-element elementor-element-8309db0 elementor-widget elementor-widget-heading\" data-id=\"8309db0\" data-element_type=\"widget\" data-widget_type=\"heading.default\">\n\t\t\t\t<div class=\"elementor-widget-container\">\n\t\t\t\t\t<div class=\"elementor-heading-title elementor-size-default\">Secci\u00f3n tornos de control num\u00e9rico \ncabezal m\u00f3vil DECO Capacidad \u00d8 30<\/div>\t\t\t\t<\/div>\n\t\t\t\t<\/div>\n\t\t\t\t\t<\/div>\n\t\t\t\t<\/div>\n\t\t\t\t\t\t\t\t<\/div>\n\t\t\t\t\t\t\t\t\t\t\t<div class=\"swiper-slide\" data-slide=\"4\" role=\"group\" aria-roledescription=\"slide\" aria-label=\"4 von 4\">\n\t\t\t\t\t\t\t<div class=\"elementor-element elementor-element-8e44c4d e-flex e-con-boxed e-con e-child\" data-id=\"8e44c4d\" data-element_type=\"container\">\n\t\t\t\t\t<div class=\"e-con-inner\">\n\t\t\t\t<div class=\"elementor-element elementor-element-93cb6a3 elementor-widget elementor-widget-image\" data-id=\"93cb6a3\" data-element_type=\"widget\" data-widget_type=\"image.default\">\n\t\t\t\t<div class=\"elementor-widget-container\">\n\t\t\t\t\t\t\t\t\t\t\t\t\t\t\t\t<a href=\"https:\/\/www.industrialmecsa.com\/wp-content\/uploads\/2025\/05\/instalaciones_1.jpg\" data-elementor-open-lightbox=\"yes\" data-e-action-hash=\"#elementor-action%3Aaction%3Dlightbox%26settings%3DeyJpZCI6MjUwLCJ1cmwiOiJodHRwczpcL1wvd3d3LmluZHVzdHJpYWxtZWNzYS5jb21cL3dwLWNvbnRlbnRcL3VwbG9hZHNcLzIwMjVcLzA1XC9pbnN0YWxhY2lvbmVzXzEuanBnIn0%3D\">\n\t\t\t\t\t\t\t<img fetchpriority=\"high\" decoding=\"async\" width=\"800\" height=\"534\" src=\"https:\/\/www.industrialmecsa.com\/wp-content\/uploads\/2025\/05\/instalaciones_1-1024x684.jpg\" class=\"attachment-large size-large wp-image-250\" alt=\"\" srcset=\"https:\/\/www.industrialmecsa.com\/wp-content\/uploads\/2025\/05\/instalaciones_1-1024x684.jpg 1024w, https:\/\/www.industrialmecsa.com\/wp-content\/uploads\/2025\/05\/instalaciones_1-300x200.jpg 300w, https:\/\/www.industrialmecsa.com\/wp-content\/uploads\/2025\/05\/instalaciones_1-768x513.jpg 768w, https:\/\/www.industrialmecsa.com\/wp-content\/uploads\/2025\/05\/instalaciones_1.jpg 1200w\" sizes=\"(max-width: 800px) 100vw, 800px\" \/>\t\t\t\t\t\t\t\t<\/a>\n\t\t\t\t\t\t\t\t\t\t\t\t\t\t\t<\/div>\n\t\t\t\t<\/div>\n\t\t\t\t<div class=\"elementor-element elementor-element-c3b543b elementor-widget elementor-widget-heading\" data-id=\"c3b543b\" data-element_type=\"widget\" data-widget_type=\"heading.default\">\n\t\t\t\t<div class=\"elementor-widget-container\">\n\t\t\t\t\t<div class=\"elementor-heading-title elementor-size-default\">Secci\u00f3n tornos de control num\u00e9rico \ncabezal m\u00f3vil DECO Capacidad \u00d8 30<\/div>\t\t\t\t<\/div>\n\t\t\t\t<\/div>\n\t\t\t\t\t<\/div>\n\t\t\t\t<\/div>\n\t\t\t\t\t\t\t\t<\/div>\n\t\t\t\t\t\t\t\t<\/div>\n\t\t<\/div>\n\t\t\t\t\t<div class=\"elementor-swiper-button elementor-swiper-button-prev\" role=\"button\" tabindex=\"0\" aria-label=\"Voriger\">\n\t\t\t\t<svg aria-hidden=\"true\" class=\"e-font-icon-svg e-eicon-chevron-left\" viewBox=\"0 0 1000 1000\" xmlns=\"http:\/\/www.w3.org\/2000\/svg\"><path d=\"M646 125C629 125 613 133 604 142L308 442C296 454 292 471 292 487 292 504 296 521 308 533L604 854C617 867 629 875 646 875 663 875 679 871 692 858 704 846 713 829 713 812 713 796 708 779 692 767L438 487 692 225C700 217 708 204 708 187 708 171 704 154 692 142 675 129 663 125 646 125Z\"><\/path><\/svg>\t\t\t<\/div>\n\t\t\t<div class=\"elementor-swiper-button elementor-swiper-button-next\" role=\"button\" tabindex=\"0\" aria-label=\"N\u00e4chster\">\n\t\t\t\t<svg aria-hidden=\"true\" class=\"e-font-icon-svg e-eicon-chevron-right\" viewBox=\"0 0 1000 1000\" xmlns=\"http:\/\/www.w3.org\/2000\/svg\"><path d=\"M696 533C708 521 713 504 713 487 713 471 708 454 696 446L400 146C388 133 375 125 354 125 338 125 325 129 313 142 300 154 292 171 292 187 292 204 296 221 308 233L563 492 304 771C292 783 288 800 288 817 288 833 296 850 308 863 321 871 338 875 354 875 371 875 388 867 400 854L696 533Z\"><\/path><\/svg>\t\t\t<\/div>\n\t\t\t\t\t\t<\/div>\n\t\t\t\t<\/div>\n\t\t\t\t<\/div>\n\t\t\t\t<\/div>\n\t\t\t\t\t<\/div>\n\t\t\t\t<\/div>\n\t\t\t\t<\/div>\n\t\t","protected":false},"excerpt":{"rendered":"<p>Instalaciones Industrial MEC S.A, Expertos en decoletaje y mecanizado de piezas La empresa cuenta con un centro de producci\u00f3n que cubre una superficie 1.000 m2 en la localidad de Sant Andreu de la Barca, Barcelona. Si bien \u00fanicamente cuenta con un centro de producci\u00f3n, este se divide en dos grandes \u00e1reas bien diferenciadas seg\u00fan el [&hellip;]<\/p>\n","protected":false},"author":1,"featured_media":0,"parent":0,"menu_order":0,"comment_status":"closed","ping_status":"closed","template":"","meta":{"footnotes":""},"class_list":["post-474","page","type-page","status-publish","hentry"],"_links":{"self":[{"href":"https:\/\/www.industrialmecsa.com\/de\/wp-json\/wp\/v2\/pages\/474","targetHints":{"allow":["GET"]}}],"collection":[{"href":"https:\/\/www.industrialmecsa.com\/de\/wp-json\/wp\/v2\/pages"}],"about":[{"href":"https:\/\/www.industrialmecsa.com\/de\/wp-json\/wp\/v2\/types\/page"}],"author":[{"embeddable":true,"href":"https:\/\/www.industrialmecsa.com\/de\/wp-json\/wp\/v2\/users\/1"}],"replies":[{"embeddable":true,"href":"https:\/\/www.industrialmecsa.com\/de\/wp-json\/wp\/v2\/comments?post=474"}],"version-history":[{"count":5,"href":"https:\/\/www.industrialmecsa.com\/de\/wp-json\/wp\/v2\/pages\/474\/revisions"}],"predecessor-version":[{"id":685,"href":"https:\/\/www.industrialmecsa.com\/de\/wp-json\/wp\/v2\/pages\/474\/revisions\/685"}],"wp:attachment":[{"href":"https:\/\/www.industrialmecsa.com\/de\/wp-json\/wp\/v2\/media?parent=474"}],"curies":[{"name":"wp","href":"https:\/\/api.w.org\/{rel}","templated":true}]}}