{"id":459,"date":"2025-05-23T10:14:33","date_gmt":"2025-05-23T08:14:33","guid":{"rendered":"https:\/\/dev.francesc.tech\/mecsa\/?page_id=459"},"modified":"2025-09-17T16:37:48","modified_gmt":"2025-09-17T14:37:48","slug":"startseite","status":"publish","type":"page","link":"https:\/\/www.industrialmecsa.com\/de\/","title":{"rendered":"Startseite"},"content":{"rendered":"\t\t<div data-elementor-type=\"wp-post\" data-elementor-id=\"459\" class=\"elementor elementor-459 elementor-6\" data-elementor-post-type=\"page\">\n\t\t\t\t<div class=\"elementor-element elementor-element-3062c1f e-flex e-con-boxed elementor-invisible e-con e-parent\" data-id=\"3062c1f\" data-element_type=\"container\" data-settings=\"{&quot;background_background&quot;:&quot;classic&quot;,&quot;animation&quot;:&quot;fadeIn&quot;}\">\n\t\t\t\t\t<div class=\"e-con-inner\">\n\t\t\t\t<div class=\"elementor-element elementor-element-671f955 elementor-widget elementor-widget-heading\" data-id=\"671f955\" data-element_type=\"widget\" data-widget_type=\"heading.default\">\n\t\t\t\t<div class=\"elementor-widget-container\">\n\t\t\t\t\t<h1 class=\"elementor-heading-title elementor-size-default\">Industrial MEC S.A, Experten f\u00fcr Drehen und Bearbeitung<\/h1>\t\t\t\t<\/div>\n\t\t\t\t<\/div>\n\t\t\t\t<div class=\"elementor-element elementor-element-89e8c59 elementor-widget elementor-widget-heading\" data-id=\"89e8c59\" data-element_type=\"widget\" data-widget_type=\"heading.default\">\n\t\t\t\t<div class=\"elementor-widget-container\">\n\t\t\t\t\t<h2 class=\"elementor-heading-title elementor-size-default\">Drehen und Maschinenbearbeitung \u2013 CNC Drehmaschinen \u2013 Bewegliche und unbewegliche Drehk\u00f6pfe<\/h2>\t\t\t\t<\/div>\n\t\t\t\t<\/div>\n\t\t\t\t<div class=\"elementor-element elementor-element-13be500 elementor-widget elementor-widget-button\" data-id=\"13be500\" data-element_type=\"widget\" data-widget_type=\"button.default\">\n\t\t\t\t<div class=\"elementor-widget-container\">\n\t\t\t\t\t\t\t\t\t<div class=\"elementor-button-wrapper\">\n\t\t\t\t\t<a class=\"elementor-button elementor-button-link elementor-size-sm\" href=\"https:\/\/www.industrialmecsa.com\/de\/produkte\/\">\n\t\t\t\t\t\t<span class=\"elementor-button-content-wrapper\">\n\t\t\t\t\t\t\t\t\t<span class=\"elementor-button-text\">Unsere Produkte<\/span>\n\t\t\t\t\t<\/span>\n\t\t\t\t\t<\/a>\n\t\t\t\t<\/div>\n\t\t\t\t\t\t\t\t<\/div>\n\t\t\t\t<\/div>\n\t\t\t\t\t<\/div>\n\t\t\t\t<\/div>\n\t\t<div class=\"elementor-element elementor-element-a3ec77b e-flex e-con-boxed elementor-invisible e-con e-parent\" data-id=\"a3ec77b\" data-element_type=\"container\" data-settings=\"{&quot;animation&quot;:&quot;fadeIn&quot;}\">\n\t\t\t\t\t<div class=\"e-con-inner\">\n\t\t<div class=\"elementor-element elementor-element-774d6ce e-con-full e-flex e-con e-child\" data-id=\"774d6ce\" data-element_type=\"container\">\n\t\t\t\t<div class=\"elementor-element elementor-element-b109b9c elementor-widget elementor-widget-heading\" data-id=\"b109b9c\" data-element_type=\"widget\" data-widget_type=\"heading.default\">\n\t\t\t\t<div class=\"elementor-widget-container\">\n\t\t\t\t\t<div class=\"elementor-heading-title elementor-size-default\">Industrial MEC S.A<\/div>\t\t\t\t<\/div>\n\t\t\t\t<\/div>\n\t\t\t\t<div class=\"elementor-element elementor-element-834597a elementor-widget elementor-widget-heading\" data-id=\"834597a\" data-element_type=\"widget\" data-widget_type=\"heading.default\">\n\t\t\t\t<div class=\"elementor-widget-container\">\n\t\t\t\t\t<h3 class=\"elementor-heading-title elementor-size-default\">Industrial MEC S.A, Experten f\u00fcr Drehen und Bearbeitung<\/h3>\t\t\t\t<\/div>\n\t\t\t\t<\/div>\n\t\t\t\t<div class=\"elementor-element elementor-element-69e2d6e elementor-widget elementor-widget-text-editor\" data-id=\"69e2d6e\" data-element_type=\"widget\" data-widget_type=\"text-editor.default\">\n\t\t\t\t<div class=\"elementor-widget-container\">\n\t\t\t\t\t\t\t\t\t<p><strong>MEC S.A.<\/strong> ist f\u00fcr mehr als 20 Jahre eine bedeutende Firma in der <strong>Drehen und Maschinenbearbeitung<\/strong>, national und international.<\/p><p>Unser Betrieb ist mit den neuesten Maschinen ausgestattet. Die Werkhalle ist in zwei Sektoren mit automatischen und manuellen Drehmaschinen aufgeteilt die von hoch qualifizierten experten besetzt sind.<\/p>\t\t\t\t\t\t\t\t<\/div>\n\t\t\t\t<\/div>\n\t\t\t\t<\/div>\n\t\t<div class=\"elementor-element elementor-element-c39ed22 e-con-full e-flex e-con e-child\" data-id=\"c39ed22\" data-element_type=\"container\">\n\t\t<div class=\"elementor-element elementor-element-8b6f9d2 e-con-full e-flex e-con e-child\" data-id=\"8b6f9d2\" data-element_type=\"container\" data-settings=\"{&quot;background_background&quot;:&quot;classic&quot;}\">\n\t\t\t\t<div class=\"elementor-element elementor-element-1abcdc9 elementor-icon-list--layout-traditional elementor-list-item-link-full_width elementor-widget elementor-widget-icon-list\" data-id=\"1abcdc9\" data-element_type=\"widget\" data-widget_type=\"icon-list.default\">\n\t\t\t\t<div class=\"elementor-widget-container\">\n\t\t\t\t\t\t\t<ul class=\"elementor-icon-list-items\">\n\t\t\t\t\t\t\t<li class=\"elementor-icon-list-item\">\n\t\t\t\t\t\t\t\t\t\t\t<span class=\"elementor-icon-list-icon\">\n\t\t\t\t\t\t\t<svg xmlns=\"http:\/\/www.w3.org\/2000\/svg\" width=\"6.811\" height=\"12.121\" viewBox=\"0 0 6.811 12.121\"><path id=\"right-arrow-svgrepo-com\" d=\"M10,7l5,5-5,5\" transform=\"translate(-8.939 -5.939)\" fill=\"none\" stroke=\"#ff790b\" stroke-linecap=\"round\" stroke-linejoin=\"round\" stroke-width=\"1.5\"><\/path><\/svg>\t\t\t\t\t\t<\/span>\n\t\t\t\t\t\t\t\t\t\t<span class=\"elementor-icon-list-text\">Drehen und Maschinenbearbeitung<\/span>\n\t\t\t\t\t\t\t\t\t<\/li>\n\t\t\t\t\t\t\t\t<li class=\"elementor-icon-list-item\">\n\t\t\t\t\t\t\t\t\t\t\t<span class=\"elementor-icon-list-icon\">\n\t\t\t\t\t\t\t<svg xmlns=\"http:\/\/www.w3.org\/2000\/svg\" width=\"6.811\" height=\"12.121\" viewBox=\"0 0 6.811 12.121\"><path id=\"right-arrow-svgrepo-com\" d=\"M10,7l5,5-5,5\" transform=\"translate(-8.939 -5.939)\" fill=\"none\" stroke=\"#ff790b\" stroke-linecap=\"round\" stroke-linejoin=\"round\" stroke-width=\"1.5\"><\/path><\/svg>\t\t\t\t\t\t<\/span>\n\t\t\t\t\t\t\t\t\t\t<span class=\"elementor-icon-list-text\">Maschinenbearbeitung in Stahl, Eisen, Aluminium und Messing. Rostfrei, Nailon  u.s.w.<\/span>\n\t\t\t\t\t\t\t\t\t<\/li>\n\t\t\t\t\t\t\t\t<li class=\"elementor-icon-list-item\">\n\t\t\t\t\t\t\t\t\t\t\t<span class=\"elementor-icon-list-icon\">\n\t\t\t\t\t\t\t<svg xmlns=\"http:\/\/www.w3.org\/2000\/svg\" width=\"6.811\" height=\"12.121\" viewBox=\"0 0 6.811 12.121\"><path id=\"right-arrow-svgrepo-com\" d=\"M10,7l5,5-5,5\" transform=\"translate(-8.939 -5.939)\" fill=\"none\" stroke=\"#ff790b\" stroke-linecap=\"round\" stroke-linejoin=\"round\" stroke-width=\"1.5\"><\/path><\/svg>\t\t\t\t\t\t<\/span>\n\t\t\t\t\t\t\t\t\t\t<span class=\"elementor-icon-list-text\">Werkst\u00e4tten mechanisch ausgestattet<\/span>\n\t\t\t\t\t\t\t\t\t<\/li>\n\t\t\t\t\t\t\t\t<li class=\"elementor-icon-list-item\">\n\t\t\t\t\t\t\t\t\t\t\t<span class=\"elementor-icon-list-icon\">\n\t\t\t\t\t\t\t<svg xmlns=\"http:\/\/www.w3.org\/2000\/svg\" width=\"6.811\" height=\"12.121\" viewBox=\"0 0 6.811 12.121\"><path id=\"right-arrow-svgrepo-com\" d=\"M10,7l5,5-5,5\" transform=\"translate(-8.939 -5.939)\" fill=\"none\" stroke=\"#ff790b\" stroke-linecap=\"round\" stroke-linejoin=\"round\" stroke-width=\"1.5\"><\/path><\/svg>\t\t\t\t\t\t<\/span>\n\t\t\t\t\t\t\t\t\t\t<span class=\"elementor-icon-list-text\">Automatische Drehmaschinen<\/span>\n\t\t\t\t\t\t\t\t\t<\/li>\n\t\t\t\t\t\t\t\t<li class=\"elementor-icon-list-item\">\n\t\t\t\t\t\t\t\t\t\t\t<span class=\"elementor-icon-list-icon\">\n\t\t\t\t\t\t\t<svg xmlns=\"http:\/\/www.w3.org\/2000\/svg\" width=\"6.811\" height=\"12.121\" viewBox=\"0 0 6.811 12.121\"><path id=\"right-arrow-svgrepo-com\" d=\"M10,7l5,5-5,5\" transform=\"translate(-8.939 -5.939)\" fill=\"none\" stroke=\"#ff790b\" stroke-linecap=\"round\" stroke-linejoin=\"round\" stroke-width=\"1.5\"><\/path><\/svg>\t\t\t\t\t\t<\/span>\n\t\t\t\t\t\t\t\t\t\t<span class=\"elementor-icon-list-text\">Warenvorrat vorhanden<\/span>\n\t\t\t\t\t\t\t\t\t<\/li>\n\t\t\t\t\t\t<\/ul>\n\t\t\t\t\t\t<\/div>\n\t\t\t\t<\/div>\n\t\t\t\t<\/div>\n\t\t\t\t<\/div>\n\t\t\t\t\t<\/div>\n\t\t\t\t<\/div>\n\t\t<div class=\"elementor-element elementor-element-4ba60f3 e-flex e-con-boxed elementor-invisible e-con e-parent\" data-id=\"4ba60f3\" data-element_type=\"container\" data-settings=\"{&quot;animation&quot;:&quot;fadeIn&quot;}\">\n\t\t\t\t\t<div class=\"e-con-inner\">\n\t\t\t\t<div class=\"elementor-element elementor-element-82887ef elementor-widget__width-initial elementor-widget elementor-widget-heading\" data-id=\"82887ef\" data-element_type=\"widget\" data-widget_type=\"heading.default\">\n\t\t\t\t<div class=\"elementor-widget-container\">\n\t\t\t\t\t<div class=\"elementor-heading-title elementor-size-default\">Wir arbeiten f\u00fcr eine gro\u00dfe Bandbreite von Branchen, darunter Automobilindustrie, Kleinger\u00e4te, Gastgewerbe, Elektroindustrie, industrielle Thermometrie und Manometrie in Edelstahl, Medizin und mehr.<\/div>\t\t\t\t<\/div>\n\t\t\t\t<\/div>\n\t\t\t\t\t<\/div>\n\t\t\t\t<\/div>\n\t\t<div class=\"elementor-element elementor-element-54c6ea6 e-flex e-con-boxed elementor-invisible e-con e-parent\" data-id=\"54c6ea6\" data-element_type=\"container\" data-settings=\"{&quot;animation&quot;:&quot;fadeIn&quot;}\">\n\t\t\t\t\t<div class=\"e-con-inner\">\n\t\t<div class=\"elementor-element elementor-element-832e25b e-con-full e-flex e-con e-child\" data-id=\"832e25b\" data-element_type=\"container\">\n\t\t\t\t<div class=\"elementor-element elementor-element-8afba9f elementor-widget elementor-widget-image\" data-id=\"8afba9f\" data-element_type=\"widget\" data-widget_type=\"image.default\">\n\t\t\t\t<div class=\"elementor-widget-container\">\n\t\t\t\t\t\t\t\t\t\t\t\t\t\t\t\t<a href=\"https:\/\/www.industrialmecsa.com\/wp-content\/uploads\/2025\/05\/fabrica.jpg\" data-elementor-open-lightbox=\"yes\" data-e-action-hash=\"#elementor-action%3Aaction%3Dlightbox%26settings%3DeyJpZCI6MTkwLCJ1cmwiOiJodHRwczpcL1wvd3d3LmluZHVzdHJpYWxtZWNzYS5jb21cL3dwLWNvbnRlbnRcL3VwbG9hZHNcLzIwMjVcLzA1XC9mYWJyaWNhLmpwZyJ9\">\n\t\t\t\t\t\t\t<img fetchpriority=\"high\" decoding=\"async\" width=\"576\" height=\"384\" src=\"https:\/\/www.industrialmecsa.com\/wp-content\/uploads\/2025\/05\/fabrica.jpg\" class=\"attachment-large size-large wp-image-190\" alt=\"\" srcset=\"https:\/\/www.industrialmecsa.com\/wp-content\/uploads\/2025\/05\/fabrica.jpg 576w, https:\/\/www.industrialmecsa.com\/wp-content\/uploads\/2025\/05\/fabrica-300x200.jpg 300w\" sizes=\"(max-width: 576px) 100vw, 576px\" \/>\t\t\t\t\t\t\t\t<\/a>\n\t\t\t\t\t\t\t\t\t\t\t\t\t\t\t<\/div>\n\t\t\t\t<\/div>\n\t\t\t\t<\/div>\n\t\t<div class=\"elementor-element elementor-element-6a63397 e-con-full e-flex e-con e-child\" data-id=\"6a63397\" data-element_type=\"container\">\n\t\t\t\t<div class=\"elementor-element elementor-element-b42f10d elementor-widget elementor-widget-text-editor\" data-id=\"b42f10d\" data-element_type=\"widget\" data-widget_type=\"text-editor.default\">\n\t\t\t\t<div class=\"elementor-widget-container\">\n\t\t\t\t\t\t\t\t\t<p>MEC S.A. stellt jegliche Teile von 3mm bis 60mm Durchmesser her. Teile f\u00fcr: <strong>Auto-Herstellung, Elektro-Waren, Hotelbetrieb, Elektronischen Bereich und Krankenh\u00e4usern.<\/strong><\/p><p>MECSA Industriell erwirbt durch st\u00e4ndiges Erneuern, Investieren und Verbessern erfolgreiches Kundenvertrauen um so ununterbrochen ihren Kunden zu helfen seine Ziele zu erreichen und mit ihm zu wachsen.<\/p>\t\t\t\t\t\t\t\t<\/div>\n\t\t\t\t<\/div>\n\t\t\t\t<div class=\"elementor-element elementor-element-7b0e799 elementor-widget elementor-widget-image\" data-id=\"7b0e799\" data-element_type=\"widget\" data-widget_type=\"image.default\">\n\t\t\t\t<div class=\"elementor-widget-container\">\n\t\t\t\t\t\t\t\t\t\t\t\t\t\t\t<img decoding=\"async\" width=\"82\" height=\"125\" src=\"https:\/\/www.industrialmecsa.com\/wp-content\/uploads\/2025\/05\/applus.png\" class=\"attachment-large size-large wp-image-194\" alt=\"\" \/>\t\t\t\t\t\t\t\t\t\t\t\t\t\t\t<\/div>\n\t\t\t\t<\/div>\n\t\t\t\t<\/div>\n\t\t\t\t\t<\/div>\n\t\t\t\t<\/div>\n\t\t\t\t<\/div>\n\t\t","protected":false},"excerpt":{"rendered":"<p>Industrial MEC S.A, Experten f\u00fcr Drehen und Bearbeitung Drehen und Maschinenbearbeitung \u2013 CNC Drehmaschinen \u2013 Bewegliche und unbewegliche Drehk\u00f6pfe Unsere Produkte Industrial MEC S.A Industrial MEC S.A, Experten f\u00fcr Drehen und Bearbeitung MEC S.A. ist f\u00fcr mehr als 20 Jahre eine bedeutende Firma in der Drehen und Maschinenbearbeitung, national und international. Unser Betrieb ist mit [&hellip;]<\/p>\n","protected":false},"author":1,"featured_media":0,"parent":0,"menu_order":0,"comment_status":"closed","ping_status":"closed","template":"","meta":{"footnotes":""},"class_list":["post-459","page","type-page","status-publish","hentry"],"_links":{"self":[{"href":"https:\/\/www.industrialmecsa.com\/de\/wp-json\/wp\/v2\/pages\/459","targetHints":{"allow":["GET"]}}],"collection":[{"href":"https:\/\/www.industrialmecsa.com\/de\/wp-json\/wp\/v2\/pages"}],"about":[{"href":"https:\/\/www.industrialmecsa.com\/de\/wp-json\/wp\/v2\/types\/page"}],"author":[{"embeddable":true,"href":"https:\/\/www.industrialmecsa.com\/de\/wp-json\/wp\/v2\/users\/1"}],"replies":[{"embeddable":true,"href":"https:\/\/www.industrialmecsa.com\/de\/wp-json\/wp\/v2\/comments?post=459"}],"version-history":[{"count":8,"href":"https:\/\/www.industrialmecsa.com\/de\/wp-json\/wp\/v2\/pages\/459\/revisions"}],"predecessor-version":[{"id":705,"href":"https:\/\/www.industrialmecsa.com\/de\/wp-json\/wp\/v2\/pages\/459\/revisions\/705"}],"wp:attachment":[{"href":"https:\/\/www.industrialmecsa.com\/de\/wp-json\/wp\/v2\/media?parent=459"}],"curies":[{"name":"wp","href":"https:\/\/api.w.org\/{rel}","templated":true}]}}