{"id":444,"date":"2025-05-25T09:22:48","date_gmt":"2025-05-25T07:22:48","guid":{"rendered":"https:\/\/dev.francesc.tech\/mecsa\/?page_id=444"},"modified":"2025-09-17T16:25:59","modified_gmt":"2025-09-17T14:25:59","slug":"firma","status":"publish","type":"page","link":"https:\/\/www.industrialmecsa.com\/de\/firma\/","title":{"rendered":"Firma"},"content":{"rendered":"\t\t<div data-elementor-type=\"wp-page\" data-elementor-id=\"444\" class=\"elementor elementor-444 elementor-202\" data-elementor-post-type=\"page\">\n\t\t\t\t<div class=\"elementor-element elementor-element-fe7eb3e e-flex e-con-boxed elementor-invisible e-con e-parent\" data-id=\"fe7eb3e\" data-element_type=\"container\" data-settings=\"{&quot;background_background&quot;:&quot;classic&quot;,&quot;animation&quot;:&quot;fadeIn&quot;}\">\n\t\t\t\t\t<div class=\"e-con-inner\">\n\t\t\t\t<div class=\"elementor-element elementor-element-c3aaf75 elementor-widget elementor-widget-heading\" data-id=\"c3aaf75\" data-element_type=\"widget\" data-widget_type=\"heading.default\">\n\t\t\t\t<div class=\"elementor-widget-container\">\n\t\t\t\t\t<h1 class=\"elementor-heading-title elementor-size-default\">Industrial MEC S.A<\/h1>\t\t\t\t<\/div>\n\t\t\t\t<\/div>\n\t\t\t\t\t<\/div>\n\t\t\t\t<\/div>\n\t\t<div class=\"elementor-element elementor-element-3f7979f e-flex e-con-boxed elementor-invisible e-con e-parent\" data-id=\"3f7979f\" data-element_type=\"container\" data-settings=\"{&quot;background_background&quot;:&quot;classic&quot;,&quot;animation&quot;:&quot;fadeIn&quot;}\">\n\t\t\t\t\t<div class=\"e-con-inner\">\n\t\t\t\t<div class=\"elementor-element elementor-element-09da20d elementor-widget elementor-widget-heading\" data-id=\"09da20d\" data-element_type=\"widget\" data-widget_type=\"heading.default\">\n\t\t\t\t<div class=\"elementor-widget-container\">\n\t\t\t\t\t<h2 class=\"elementor-heading-title elementor-size-default\">Industrial MEC S.A, Experten f\u00fcr Drehen und Bearbeitung<\/h2>\t\t\t\t<\/div>\n\t\t\t\t<\/div>\n\t\t<div class=\"elementor-element elementor-element-e94756d e-con-full e-flex e-con e-child\" data-id=\"e94756d\" data-element_type=\"container\">\n\t\t<div class=\"elementor-element elementor-element-8db1706 e-con-full e-flex e-con e-child\" data-id=\"8db1706\" data-element_type=\"container\">\n\t\t\t\t<div class=\"elementor-element elementor-element-6ac4f89 elementor-widget elementor-widget-text-editor\" data-id=\"6ac4f89\" data-element_type=\"widget\" data-widget_type=\"text-editor.default\">\n\t\t\t\t<div class=\"elementor-widget-container\">\n\t\t\t\t\t\t\t\t\t<p>MEC.SA Industriell ist 1987 gegr\u00fcndet worden und widmet sich ausschliesslich f\u00fcr die <strong>Herrstellung von Drehen und Maschinbearbeitung von Metallst\u00fccken mit Massen<\/strong> von 3 mm bis 6 mm Durchmesser und bis einer L\u00e4nge von 200 mm.<\/p>\t\t\t\t\t\t\t\t<\/div>\n\t\t\t\t<\/div>\n\t\t\t\t<\/div>\n\t\t<div class=\"elementor-element elementor-element-4f368dd e-con-full e-flex e-con e-child\" data-id=\"4f368dd\" data-element_type=\"container\">\n\t\t\t\t<div class=\"elementor-element elementor-element-0943f32 elementor-widget elementor-widget-text-editor\" data-id=\"0943f32\" data-element_type=\"widget\" data-widget_type=\"text-editor.default\">\n\t\t\t\t<div class=\"elementor-widget-container\">\n\t\t\t\t\t\t\t\t\t<p>Das Arbeitsgebiet von MEC.SA war national und Dank seiner zuverl\u00e4ssigen und guten Arbeit, MEC.SA ist seit Jahren international und erwirbt eine hohe Anerkennung von zufriedengestellten Kunden. Deutschland und Frankreich sind, unter anderen, die Hauptkunden.<\/p><p>MEC.SA stellt von Gastst\u00e4ttengewerbe bis zur Automobilindustrie jegliche St\u00fccke her.<\/p>\t\t\t\t\t\t\t\t<\/div>\n\t\t\t\t<\/div>\n\t\t\t\t<\/div>\n\t\t\t\t<\/div>\n\t\t\t\t\t<\/div>\n\t\t\t\t<\/div>\n\t\t<div class=\"elementor-element elementor-element-80f513b e-flex e-con-boxed elementor-invisible e-con e-parent\" data-id=\"80f513b\" data-element_type=\"container\" data-settings=\"{&quot;animation&quot;:&quot;fadeIn&quot;}\">\n\t\t\t\t\t<div class=\"e-con-inner\">\n\t\t<div class=\"elementor-element elementor-element-7eaf4fc e-con-full e-flex e-con e-child\" data-id=\"7eaf4fc\" data-element_type=\"container\">\n\t\t\t\t<div class=\"elementor-element elementor-element-104e83c elementor-widget elementor-widget-image\" data-id=\"104e83c\" data-element_type=\"widget\" data-widget_type=\"image.default\">\n\t\t\t\t<div class=\"elementor-widget-container\">\n\t\t\t\t\t\t\t\t\t\t\t\t\t\t\t\t<a href=\"https:\/\/www.industrialmecsa.com\/wp-content\/uploads\/2025\/05\/empresa_fabrica.jpg\" data-elementor-open-lightbox=\"yes\" data-e-action-hash=\"#elementor-action%3Aaction%3Dlightbox%26settings%3DeyJpZCI6MjMxLCJ1cmwiOiJodHRwczpcL1wvd3d3LmluZHVzdHJpYWxtZWNzYS5jb21cL3dwLWNvbnRlbnRcL3VwbG9hZHNcLzIwMjVcLzA1XC9lbXByZXNhX2ZhYnJpY2EuanBnIn0%3D\">\n\t\t\t\t\t\t\t<img fetchpriority=\"high\" decoding=\"async\" width=\"800\" height=\"481\" src=\"https:\/\/www.industrialmecsa.com\/wp-content\/uploads\/2025\/05\/empresa_fabrica-1024x616.jpg\" class=\"attachment-large size-large wp-image-231\" alt=\"\" srcset=\"https:\/\/www.industrialmecsa.com\/wp-content\/uploads\/2025\/05\/empresa_fabrica-1024x616.jpg 1024w, https:\/\/www.industrialmecsa.com\/wp-content\/uploads\/2025\/05\/empresa_fabrica-300x181.jpg 300w, https:\/\/www.industrialmecsa.com\/wp-content\/uploads\/2025\/05\/empresa_fabrica-768x462.jpg 768w, https:\/\/www.industrialmecsa.com\/wp-content\/uploads\/2025\/05\/empresa_fabrica.jpg 1200w\" sizes=\"(max-width: 800px) 100vw, 800px\" \/>\t\t\t\t\t\t\t\t<\/a>\n\t\t\t\t\t\t\t\t\t\t\t\t\t\t\t<\/div>\n\t\t\t\t<\/div>\n\t\t\t\t<\/div>\n\t\t<div class=\"elementor-element elementor-element-96baecd e-con-full e-flex e-con e-child\" data-id=\"96baecd\" data-element_type=\"container\">\n\t\t\t\t<div class=\"elementor-element elementor-element-656ae0d elementor-widget elementor-widget-image\" data-id=\"656ae0d\" data-element_type=\"widget\" data-widget_type=\"image.default\">\n\t\t\t\t<div class=\"elementor-widget-container\">\n\t\t\t\t\t\t\t\t\t\t\t\t\t\t\t\t<a href=\"https:\/\/www.industrialmecsa.com\/wp-content\/uploads\/2025\/05\/empresa_fabrica_2.jpg\" data-elementor-open-lightbox=\"yes\" data-e-action-hash=\"#elementor-action%3Aaction%3Dlightbox%26settings%3DeyJpZCI6MjI3LCJ1cmwiOiJodHRwczpcL1wvd3d3LmluZHVzdHJpYWxtZWNzYS5jb21cL3dwLWNvbnRlbnRcL3VwbG9hZHNcLzIwMjVcLzA1XC9lbXByZXNhX2ZhYnJpY2FfMi5qcGcifQ%3D%3D\">\n\t\t\t\t\t\t\t<img decoding=\"async\" width=\"800\" height=\"480\" src=\"https:\/\/www.industrialmecsa.com\/wp-content\/uploads\/2025\/05\/empresa_fabrica_2-1024x614.jpg\" class=\"attachment-large size-large wp-image-227\" alt=\"\" srcset=\"https:\/\/www.industrialmecsa.com\/wp-content\/uploads\/2025\/05\/empresa_fabrica_2-1024x614.jpg 1024w, https:\/\/www.industrialmecsa.com\/wp-content\/uploads\/2025\/05\/empresa_fabrica_2-300x180.jpg 300w, https:\/\/www.industrialmecsa.com\/wp-content\/uploads\/2025\/05\/empresa_fabrica_2-768x461.jpg 768w, https:\/\/www.industrialmecsa.com\/wp-content\/uploads\/2025\/05\/empresa_fabrica_2.jpg 1200w\" sizes=\"(max-width: 800px) 100vw, 800px\" \/>\t\t\t\t\t\t\t\t<\/a>\n\t\t\t\t\t\t\t\t\t\t\t\t\t\t\t<\/div>\n\t\t\t\t<\/div>\n\t\t\t\t<\/div>\n\t\t\t\t\t<\/div>\n\t\t\t\t<\/div>\n\t\t<div class=\"elementor-element elementor-element-ec4543f e-flex e-con-boxed elementor-invisible e-con e-parent\" data-id=\"ec4543f\" data-element_type=\"container\" data-settings=\"{&quot;animation&quot;:&quot;fadeIn&quot;}\">\n\t\t\t\t\t<div class=\"e-con-inner\">\n\t\t\t\t<div class=\"elementor-element elementor-element-f2f24d2 elementor-widget elementor-widget-heading\" data-id=\"f2f24d2\" data-element_type=\"widget\" data-widget_type=\"heading.default\">\n\t\t\t\t<div class=\"elementor-widget-container\">\n\t\t\t\t\t<h2 class=\"elementor-heading-title elementor-size-default\"> Qualit\u00e4t<\/h2>\t\t\t\t<\/div>\n\t\t\t\t<\/div>\n\t\t\t\t\t<\/div>\n\t\t\t\t<\/div>\n\t\t<div class=\"elementor-element elementor-element-7cddf2c e-flex e-con-boxed elementor-invisible e-con e-parent\" data-id=\"7cddf2c\" data-element_type=\"container\" data-settings=\"{&quot;animation&quot;:&quot;fadeIn&quot;}\">\n\t\t\t\t\t<div class=\"e-con-inner\">\n\t\t<div class=\"elementor-element elementor-element-740e27f e-con-full e-flex e-con e-child\" data-id=\"740e27f\" data-element_type=\"container\">\n\t\t\t\t<div class=\"elementor-element elementor-element-b3d201c elementor-widget elementor-widget-heading\" data-id=\"b3d201c\" data-element_type=\"widget\" data-widget_type=\"heading.default\">\n\t\t\t\t<div class=\"elementor-widget-container\">\n\t\t\t\t\t<h3 class=\"elementor-heading-title elementor-size-default\">MEC.SA Industriell hat ein klares Ziel: ihre Kunden mit allen ihren Anforderungen und Bed\u00fcrfnissen zufrieden zustellen. <\/h3>\t\t\t\t<\/div>\n\t\t\t\t<\/div>\n\t\t\t\t<div class=\"elementor-element elementor-element-3025d54 elementor-widget elementor-widget-text-editor\" data-id=\"3025d54\" data-element_type=\"widget\" data-widget_type=\"text-editor.default\">\n\t\t\t\t<div class=\"elementor-widget-container\">\n\t\t\t\t\t\t\t\t\t<p>MECSA\u00a0Implantiert die internationale ISO 9001:2008 Norm seit 2001 von Applus+, um den Kompromis mit seinen Kunden zu beweisen und zu verst\u00e4rken und in diesem Sinne die \u00f6ffentliche Anerkennung als eine zuverl\u00e4ssige Firma die Kunden mit hohen Erwartungen zu befriedigen.<\/p><p>MECSA Industriell erwirbt durch st\u00e4ndiges Erneuern, Investieren und Verbessern erfolgreiches Kundenvertrauen um so ununterbrochen ihren Kunden zu helfen seine Ziele zu erreichen und mit ihm zu wachsen.<\/p><p>MEC.SA Industriell anwortet auf die Anspr\u00fcche seiner Kundenbed\u00fcrfnisse und Anforderungen mit neuen Strategien und erweitert st\u00e4nding ihre Arbeitsf\u00e4higkeit.<\/p><p>Das Qualit\u00e4ts- Zertifikat zu erhalten ist f\u00fcr MECSA Industriell ein guter Grund um seinen Kunden bessere Qualit\u00e4t und Service anzubieten.<\/p><p>Die Einf\u00fchrung von neuen Fertigkeiten und besseren Computertechnologien sowie bessere Arbeitsmethoden, zusammen mit dem Kauf von besseren und speziellen Maschinen und genaueren Masswerkzeugen, bewirkt die spezielle Behandlung von jeglichen Kunden in und von allen Arbeitsbereichen. MECSA Industriell ist entschlossen, mit seinem Service, seinen Kunden zu helfen ihn besser, st\u00e4rker und gr\u00f6sser zu machen.<\/p>\t\t\t\t\t\t\t\t<\/div>\n\t\t\t\t<\/div>\n\t\t\t\t<\/div>\n\t\t<div class=\"elementor-element elementor-element-25d4614 e-con-full e-flex e-con e-child\" data-id=\"25d4614\" data-element_type=\"container\">\n\t\t\t\t<div class=\"elementor-element elementor-element-ab9be57 elementor-widget elementor-widget-image\" data-id=\"ab9be57\" data-element_type=\"widget\" data-widget_type=\"image.default\">\n\t\t\t\t<div class=\"elementor-widget-container\">\n\t\t\t\t\t\t\t\t\t\t\t\t\t\t\t<img decoding=\"async\" width=\"82\" height=\"125\" src=\"https:\/\/www.industrialmecsa.com\/wp-content\/uploads\/2025\/05\/applus.png\" class=\"attachment-large size-large wp-image-194\" alt=\"\" \/>\t\t\t\t\t\t\t\t\t\t\t\t\t\t\t<\/div>\n\t\t\t\t<\/div>\n\t\t\t\t<div class=\"elementor-element elementor-element-2ff85f4 elementor-align-center elementor-widget elementor-widget-button\" data-id=\"2ff85f4\" data-element_type=\"widget\" data-widget_type=\"button.default\">\n\t\t\t\t<div class=\"elementor-widget-container\">\n\t\t\t\t\t\t\t\t\t<div class=\"elementor-button-wrapper\">\n\t\t\t\t\t<a class=\"elementor-button elementor-button-link elementor-size-sm\" href=\"https:\/\/www.industrialmecsa.com\/de\/certificado_calidad_esp\/\">\n\t\t\t\t\t\t<span class=\"elementor-button-content-wrapper\">\n\t\t\t\t\t\t\t\t\t<span class=\"elementor-button-text\">ZERTIFIKAT HERUNTERLADEN<\/span>\n\t\t\t\t\t<\/span>\n\t\t\t\t\t<\/a>\n\t\t\t\t<\/div>\n\t\t\t\t\t\t\t\t<\/div>\n\t\t\t\t<\/div>\n\t\t\t\t<\/div>\n\t\t\t\t\t<\/div>\n\t\t\t\t<\/div>\n\t\t\t\t<\/div>\n\t\t","protected":false},"excerpt":{"rendered":"<p>Industrial MEC S.A Industrial MEC S.A, Experten f\u00fcr Drehen und Bearbeitung MEC.SA Industriell ist 1987 gegr\u00fcndet worden und widmet sich ausschliesslich f\u00fcr die Herrstellung von Drehen und Maschinbearbeitung von Metallst\u00fccken mit Massen von 3 mm bis 6 mm Durchmesser und bis einer L\u00e4nge von 200 mm. Das Arbeitsgebiet von MEC.SA war national und Dank seiner [&hellip;]<\/p>\n","protected":false},"author":1,"featured_media":0,"parent":0,"menu_order":0,"comment_status":"closed","ping_status":"closed","template":"","meta":{"footnotes":""},"class_list":["post-444","page","type-page","status-publish","hentry"],"_links":{"self":[{"href":"https:\/\/www.industrialmecsa.com\/de\/wp-json\/wp\/v2\/pages\/444","targetHints":{"allow":["GET"]}}],"collection":[{"href":"https:\/\/www.industrialmecsa.com\/de\/wp-json\/wp\/v2\/pages"}],"about":[{"href":"https:\/\/www.industrialmecsa.com\/de\/wp-json\/wp\/v2\/types\/page"}],"author":[{"embeddable":true,"href":"https:\/\/www.industrialmecsa.com\/de\/wp-json\/wp\/v2\/users\/1"}],"replies":[{"embeddable":true,"href":"https:\/\/www.industrialmecsa.com\/de\/wp-json\/wp\/v2\/comments?post=444"}],"version-history":[{"count":8,"href":"https:\/\/www.industrialmecsa.com\/de\/wp-json\/wp\/v2\/pages\/444\/revisions"}],"predecessor-version":[{"id":694,"href":"https:\/\/www.industrialmecsa.com\/de\/wp-json\/wp\/v2\/pages\/444\/revisions\/694"}],"wp:attachment":[{"href":"https:\/\/www.industrialmecsa.com\/de\/wp-json\/wp\/v2\/media?parent=444"}],"curies":[{"name":"wp","href":"https:\/\/api.w.org\/{rel}","templated":true}]}}