{"id":509,"date":"2025-05-25T09:44:59","date_gmt":"2025-05-25T07:44:59","guid":{"rendered":"https:\/\/dev.francesc.tech\/mecsa\/?page_id=509"},"modified":"2025-09-17T15:38:41","modified_gmt":"2025-09-17T13:38:41","slug":"productes","status":"publish","type":"page","link":"https:\/\/www.industrialmecsa.com\/ca\/productes\/","title":{"rendered":"Productes"},"content":{"rendered":"\t\t<div data-elementor-type=\"wp-page\" data-elementor-id=\"509\" class=\"elementor elementor-509 elementor-266\" data-elementor-post-type=\"page\">\n\t\t\t\t<div class=\"elementor-element elementor-element-32152dc e-flex e-con-boxed elementor-invisible e-con e-parent\" data-id=\"32152dc\" data-element_type=\"container\" data-settings=\"{&quot;background_background&quot;:&quot;classic&quot;,&quot;animation&quot;:&quot;fadeIn&quot;}\">\n\t\t\t\t\t<div class=\"e-con-inner\">\n\t\t\t\t<div class=\"elementor-element elementor-element-77ebb67 elementor-widget elementor-widget-heading\" data-id=\"77ebb67\" data-element_type=\"widget\" data-widget_type=\"heading.default\">\n\t\t\t\t<div class=\"elementor-widget-container\">\n\t\t\t\t\t<h1 class=\"elementor-heading-title elementor-size-default\">Productes<\/h1>\t\t\t\t<\/div>\n\t\t\t\t<\/div>\n\t\t\t\t\t<\/div>\n\t\t\t\t<\/div>\n\t\t<div class=\"elementor-element elementor-element-4995b5f e-flex e-con-boxed elementor-invisible e-con e-parent\" data-id=\"4995b5f\" data-element_type=\"container\" data-settings=\"{&quot;background_background&quot;:&quot;classic&quot;,&quot;animation&quot;:&quot;fadeIn&quot;}\">\n\t\t\t\t\t<div class=\"e-con-inner\">\n\t\t\t\t<div class=\"elementor-element elementor-element-5870f7a elementor-widget elementor-widget-heading\" data-id=\"5870f7a\" data-element_type=\"widget\" data-widget_type=\"heading.default\">\n\t\t\t\t<div class=\"elementor-widget-container\">\n\t\t\t\t\t<h2 class=\"elementor-heading-title elementor-size-default\">Industrial MEC S.A, Experts en decoletatge i mecanitzat de peces<\/h2>\t\t\t\t<\/div>\n\t\t\t\t<\/div>\n\t\t<div class=\"elementor-element elementor-element-20a3646 e-con-full e-flex e-con e-child\" data-id=\"20a3646\" data-element_type=\"container\">\n\t\t<div class=\"elementor-element elementor-element-5326005 e-con-full e-flex e-con e-child\" data-id=\"5326005\" data-element_type=\"container\">\n\t\t\t\t<div class=\"elementor-element elementor-element-7093240 elementor-widget elementor-widget-text-editor\" data-id=\"7093240\" data-element_type=\"widget\" data-widget_type=\"text-editor.default\">\n\t\t\t\t<div class=\"elementor-widget-container\">\n\t\t\t\t\t\t\t\t\t<p>Fabriquem tot tipus de peces, en mesures que van des dels 3 fins als 60 mm de di\u00e0metre. Aquestes peces poden ser destinades a un gran nombre de sectors com ara <strong>l&#8217;automoci\u00f3, petits electrodom\u00e8stics, hostaleria, electricitat, termometria i manometria industrial en inox, medica<\/strong>l, etc.<\/p>\t\t\t\t\t\t\t\t<\/div>\n\t\t\t\t<\/div>\n\t\t\t\t<\/div>\n\t\t<div class=\"elementor-element elementor-element-4eafe2d e-con-full e-flex e-con e-child\" data-id=\"4eafe2d\" data-element_type=\"container\">\n\t\t\t\t<div class=\"elementor-element elementor-element-94897f5 elementor-widget elementor-widget-text-editor\" data-id=\"94897f5\" data-element_type=\"widget\" data-widget_type=\"text-editor.default\">\n\t\t\t\t<div class=\"elementor-widget-container\">\n\t\t\t\t\t\t\t\t\t<p>Les peces es fabriquen en diversos materials com el <strong>llaut\u00f3, acer inoxidable, coure, acer, alumini, PVC, nylon i delrin.<\/strong> Industrial MEC,S.A compta amb una gran varietat d\u2019avan\u00e7ats equips i dispositius de mesura i control amb la finalitat de verificar i certificar la qualitat dels seus productes.<\/p>\t\t\t\t\t\t\t\t<\/div>\n\t\t\t\t<\/div>\n\t\t\t\t<\/div>\n\t\t\t\t<\/div>\n\t\t\t\t\t<\/div>\n\t\t\t\t<\/div>\n\t\t<div class=\"elementor-element elementor-element-1f395aa e-flex e-con-boxed elementor-invisible e-con e-parent\" data-id=\"1f395aa\" data-element_type=\"container\" data-settings=\"{&quot;animation&quot;:&quot;fadeIn&quot;}\">\n\t\t\t\t\t<div class=\"e-con-inner\">\n\t\t<div class=\"elementor-element elementor-element-4cf346d e-con-full e-flex e-con e-child\" data-id=\"4cf346d\" data-element_type=\"container\">\n\t\t\t\t<div class=\"elementor-element elementor-element-959eb3d elementor-widget elementor-widget-image\" data-id=\"959eb3d\" data-element_type=\"widget\" data-widget_type=\"image.default\">\n\t\t\t\t<div class=\"elementor-widget-container\">\n\t\t\t\t\t\t\t\t\t\t\t\t\t\t\t\t<a href=\"https:\/\/www.industrialmecsa.com\/wp-content\/uploads\/2025\/05\/productos-acero.jpg\" data-elementor-open-lightbox=\"yes\" data-e-action-hash=\"#elementor-action%3Aaction%3Dlightbox%26settings%3DeyJpZCI6MjcyLCJ1cmwiOiJodHRwczpcL1wvd3d3LmluZHVzdHJpYWxtZWNzYS5jb21cL3dwLWNvbnRlbnRcL3VwbG9hZHNcLzIwMjVcLzA1XC9wcm9kdWN0b3MtYWNlcm8uanBnIn0%3D\">\n\t\t\t\t\t\t\t<img fetchpriority=\"high\" decoding=\"async\" width=\"800\" height=\"402\" src=\"https:\/\/www.industrialmecsa.com\/wp-content\/uploads\/2025\/05\/productos-acero-1024x514.jpg\" class=\"attachment-large size-large wp-image-272\" alt=\"\" srcset=\"https:\/\/www.industrialmecsa.com\/wp-content\/uploads\/2025\/05\/productos-acero-1024x514.jpg 1024w, https:\/\/www.industrialmecsa.com\/wp-content\/uploads\/2025\/05\/productos-acero-300x151.jpg 300w, https:\/\/www.industrialmecsa.com\/wp-content\/uploads\/2025\/05\/productos-acero-768x385.jpg 768w, https:\/\/www.industrialmecsa.com\/wp-content\/uploads\/2025\/05\/productos-acero.jpg 1200w\" sizes=\"(max-width: 800px) 100vw, 800px\" \/>\t\t\t\t\t\t\t\t<\/a>\n\t\t\t\t\t\t\t\t\t\t\t\t\t\t\t<\/div>\n\t\t\t\t<\/div>\n\t\t\t\t<\/div>\n\t\t<div class=\"elementor-element elementor-element-3b50e08 e-con-full e-flex e-con e-child\" data-id=\"3b50e08\" data-element_type=\"container\">\n\t\t\t\t<div class=\"elementor-element elementor-element-569e483 elementor-widget elementor-widget-heading\" data-id=\"569e483\" data-element_type=\"widget\" data-widget_type=\"heading.default\">\n\t\t\t\t<div class=\"elementor-widget-container\">\n\t\t\t\t\t<h3 class=\"elementor-heading-title elementor-size-default\">Productes realitzats en acer inoxidable<\/h3>\t\t\t\t<\/div>\n\t\t\t\t<\/div>\n\t\t\t\t<\/div>\n\t\t\t\t\t<\/div>\n\t\t\t\t<\/div>\n\t\t<div class=\"elementor-element elementor-element-7a37224 e-flex e-con-boxed elementor-invisible e-con e-parent\" data-id=\"7a37224\" data-element_type=\"container\" data-settings=\"{&quot;animation&quot;:&quot;fadeIn&quot;}\">\n\t\t\t\t\t<div class=\"e-con-inner\">\n\t\t<div class=\"elementor-element elementor-element-44456ed e-con-full e-flex e-con e-child\" data-id=\"44456ed\" data-element_type=\"container\">\n\t\t\t\t<div class=\"elementor-element elementor-element-fff75ab elementor-widget elementor-widget-image\" data-id=\"fff75ab\" data-element_type=\"widget\" data-widget_type=\"image.default\">\n\t\t\t\t<div class=\"elementor-widget-container\">\n\t\t\t\t\t\t\t\t\t\t\t\t\t\t\t\t<a href=\"https:\/\/www.industrialmecsa.com\/wp-content\/uploads\/2025\/05\/productos-acero-facil.jpg\" data-elementor-open-lightbox=\"yes\" data-e-action-hash=\"#elementor-action%3Aaction%3Dlightbox%26settings%3DeyJpZCI6Mjc2LCJ1cmwiOiJodHRwczpcL1wvd3d3LmluZHVzdHJpYWxtZWNzYS5jb21cL3dwLWNvbnRlbnRcL3VwbG9hZHNcLzIwMjVcLzA1XC9wcm9kdWN0b3MtYWNlcm8tZmFjaWwuanBnIn0%3D\">\n\t\t\t\t\t\t\t<img decoding=\"async\" width=\"800\" height=\"601\" src=\"https:\/\/www.industrialmecsa.com\/wp-content\/uploads\/2025\/05\/productos-acero-facil-1024x769.jpg\" class=\"attachment-large size-large wp-image-276\" alt=\"\" srcset=\"https:\/\/www.industrialmecsa.com\/wp-content\/uploads\/2025\/05\/productos-acero-facil-1024x769.jpg 1024w, https:\/\/www.industrialmecsa.com\/wp-content\/uploads\/2025\/05\/productos-acero-facil-300x225.jpg 300w, https:\/\/www.industrialmecsa.com\/wp-content\/uploads\/2025\/05\/productos-acero-facil-768x577.jpg 768w, https:\/\/www.industrialmecsa.com\/wp-content\/uploads\/2025\/05\/productos-acero-facil.jpg 1200w\" sizes=\"(max-width: 800px) 100vw, 800px\" \/>\t\t\t\t\t\t\t\t<\/a>\n\t\t\t\t\t\t\t\t\t\t\t\t\t\t\t<\/div>\n\t\t\t\t<\/div>\n\t\t\t\t<div class=\"elementor-element elementor-element-62909b4 elementor-widget elementor-widget-heading\" data-id=\"62909b4\" data-element_type=\"widget\" data-widget_type=\"heading.default\">\n\t\t\t\t<div class=\"elementor-widget-container\">\n\t\t\t\t\t<h3 class=\"elementor-heading-title elementor-size-default\">Peces realitzades en acers diversos de f\u00e0cil mecanitzaci\u00f3<\/h3>\t\t\t\t<\/div>\n\t\t\t\t<\/div>\n\t\t\t\t<\/div>\n\t\t<div class=\"elementor-element elementor-element-14e143b e-con-full e-flex e-con e-child\" data-id=\"14e143b\" data-element_type=\"container\">\n\t\t\t\t<div class=\"elementor-element elementor-element-9eaf864 elementor-widget elementor-widget-image\" data-id=\"9eaf864\" data-element_type=\"widget\" data-widget_type=\"image.default\">\n\t\t\t\t<div class=\"elementor-widget-container\">\n\t\t\t\t\t\t\t\t\t\t\t\t\t\t\t\t<a href=\"https:\/\/www.industrialmecsa.com\/wp-content\/uploads\/2025\/05\/productos-materiales-diversos.jpg\" data-elementor-open-lightbox=\"yes\" data-e-action-hash=\"#elementor-action%3Aaction%3Dlightbox%26settings%3DeyJpZCI6MjgwLCJ1cmwiOiJodHRwczpcL1wvd3d3LmluZHVzdHJpYWxtZWNzYS5jb21cL3dwLWNvbnRlbnRcL3VwbG9hZHNcLzIwMjVcLzA1XC9wcm9kdWN0b3MtbWF0ZXJpYWxlcy1kaXZlcnNvcy5qcGcifQ%3D%3D\">\n\t\t\t\t\t\t\t<img decoding=\"async\" width=\"800\" height=\"588\" src=\"https:\/\/www.industrialmecsa.com\/wp-content\/uploads\/2025\/05\/productos-materiales-diversos-1024x752.jpg\" class=\"attachment-large size-large wp-image-280\" alt=\"\" srcset=\"https:\/\/www.industrialmecsa.com\/wp-content\/uploads\/2025\/05\/productos-materiales-diversos-1024x752.jpg 1024w, https:\/\/www.industrialmecsa.com\/wp-content\/uploads\/2025\/05\/productos-materiales-diversos-300x220.jpg 300w, https:\/\/www.industrialmecsa.com\/wp-content\/uploads\/2025\/05\/productos-materiales-diversos-768x564.jpg 768w, https:\/\/www.industrialmecsa.com\/wp-content\/uploads\/2025\/05\/productos-materiales-diversos.jpg 1200w\" sizes=\"(max-width: 800px) 100vw, 800px\" \/>\t\t\t\t\t\t\t\t<\/a>\n\t\t\t\t\t\t\t\t\t\t\t\t\t\t\t<\/div>\n\t\t\t\t<\/div>\n\t\t\t\t<div class=\"elementor-element elementor-element-8b73280 elementor-widget elementor-widget-heading\" data-id=\"8b73280\" data-element_type=\"widget\" data-widget_type=\"heading.default\">\n\t\t\t\t<div class=\"elementor-widget-container\">\n\t\t\t\t\t<h3 class=\"elementor-heading-title elementor-size-default\">Productes realitzats en materials diversos: Llaut\u00f3, Coure, Alumini, Nylon, PVC, Delr\u00edn\n<\/h3>\t\t\t\t<\/div>\n\t\t\t\t<\/div>\n\t\t\t\t<\/div>\n\t\t\t\t\t<\/div>\n\t\t\t\t<\/div>\n\t\t\t\t<\/div>\n\t\t","protected":false},"excerpt":{"rendered":"<p>Productes Industrial MEC S.A, Experts en decoletatge i mecanitzat de peces Fabriquem tot tipus de peces, en mesures que van des dels 3 fins als 60 mm de di\u00e0metre. Aquestes peces poden ser destinades a un gran nombre de sectors com ara l&#8217;automoci\u00f3, petits electrodom\u00e8stics, hostaleria, electricitat, termometria i manometria industrial en inox, medical, etc. [&hellip;]<\/p>\n","protected":false},"author":1,"featured_media":0,"parent":0,"menu_order":0,"comment_status":"closed","ping_status":"closed","template":"","meta":{"footnotes":""},"class_list":["post-509","page","type-page","status-publish","hentry"],"_links":{"self":[{"href":"https:\/\/www.industrialmecsa.com\/ca\/wp-json\/wp\/v2\/pages\/509","targetHints":{"allow":["GET"]}}],"collection":[{"href":"https:\/\/www.industrialmecsa.com\/ca\/wp-json\/wp\/v2\/pages"}],"about":[{"href":"https:\/\/www.industrialmecsa.com\/ca\/wp-json\/wp\/v2\/types\/page"}],"author":[{"embeddable":true,"href":"https:\/\/www.industrialmecsa.com\/ca\/wp-json\/wp\/v2\/users\/1"}],"replies":[{"embeddable":true,"href":"https:\/\/www.industrialmecsa.com\/ca\/wp-json\/wp\/v2\/comments?post=509"}],"version-history":[{"count":8,"href":"https:\/\/www.industrialmecsa.com\/ca\/wp-json\/wp\/v2\/pages\/509\/revisions"}],"predecessor-version":[{"id":647,"href":"https:\/\/www.industrialmecsa.com\/ca\/wp-json\/wp\/v2\/pages\/509\/revisions\/647"}],"wp:attachment":[{"href":"https:\/\/www.industrialmecsa.com\/ca\/wp-json\/wp\/v2\/media?parent=509"}],"curies":[{"name":"wp","href":"https:\/\/api.w.org\/{rel}","templated":true}]}}